{"id":88,"date":"2020-12-09T15:09:56","date_gmt":"2020-12-09T15:09:56","guid":{"rendered":"https:\/\/bellavista.gob.ar\/turismo\/?page_id=88"},"modified":"2021-04-06T11:01:17","modified_gmt":"2021-04-06T11:01:17","slug":"permiso-turismo","status":"publish","type":"page","link":"https:\/\/bellavista.gob.ar\/turismo\/permiso-turismo\/","title":{"rendered":"Permisos para Turismo"},"content":{"rendered":"\n<div class=\"wp-block-image\"><figure class=\"aligncenter size-full\"><img loading=\"lazy\" decoding=\"async\" width=\"1400\" height=\"250\" src=\"https:\/\/bellavista.gob.ar\/turismo\/wp-content\/uploads\/2020\/12\/permiso-turismo.jpg\" alt=\"\" class=\"wp-image-105\" srcset=\"https:\/\/bellavista.gob.ar\/turismo\/wp-content\/uploads\/2020\/12\/permiso-turismo.jpg 1400w, https:\/\/bellavista.gob.ar\/turismo\/wp-content\/uploads\/2020\/12\/permiso-turismo-300x54.jpg 300w, https:\/\/bellavista.gob.ar\/turismo\/wp-content\/uploads\/2020\/12\/permiso-turismo-1024x183.jpg 1024w, https:\/\/bellavista.gob.ar\/turismo\/wp-content\/uploads\/2020\/12\/permiso-turismo-768x137.jpg 768w\" sizes=\"auto, (max-width: 1400px) 100vw, 1400px\" \/><\/figure><\/div>\n\n\n\n<p><strong>Vacaciones en Bella Vista<\/strong><\/p>\n\n\n\n<h2 class=\"wp-block-heading\">Permisos obligatorios que te vamos a solicitar<\/h2>\n\n\n\n<p>Queremos cuidarte y necesitamos tu colaboraci\u00f3n para atenderte mejor. Aqu\u00ed te presentamos los requisitos para que disfrutes de unas vacaciones en Bella Vista.<\/p>\n\n\n\n<h3 class=\"wp-block-heading\"><strong>\u00bfQu\u00e9 permiso necesit\u00e1s?<\/strong><\/h3>\n\n\n\n<ol class=\"wp-block-list\"><li><a href=\"#turismo-nacional\">Permiso para Turismo Nacional<\/a><\/li><li><a href=\"#visitante-cortesia\">Visitantes de Cortes\u00eda<\/a><\/li><li><a href=\"#visitante-familiares\">Visitantes Familiares<\/a><\/li><li><a href=\"#turismo-interno\">Turismo Interno<\/a><\/li><li><a href=\"#preguntas\">Preguntas Frecuentes<\/a><\/li><\/ol>\n\n\n\n<p id=\"turismo-nacional\"><strong>1 -Para ingresar a la provincia de Corrientes necesit\u00e1s:<\/strong><\/p>\n\n\n\n<ul class=\"wp-block-list\"><li>Una Declaraci\u00f3n Jurada que complet\u00e1s en este formulario.<\/li><li>El permiso para ingresar a la provincia.<\/li><\/ul>\n\n\n\n<div class=\"wp-block-buttons is-content-justification-left is-layout-flex wp-block-buttons-is-layout-flex\">\n<div class=\"wp-block-button is-style-fill\"><a class=\"wp-block-button__link has-white-color has-text-color has-background\" href=\"https:\/\/permisos.corrientes.gob.ar\/turismo\" style=\"border-radius:2px;background-color:#46a962\" target=\"_blank\" rel=\"noreferrer noopener\">Permiso Turismo Nacional<\/a><\/div>\n\n\n\n<div class=\"wp-block-button is-style-fill\"><a class=\"wp-block-button__link has-text-color has-background\" href=\"https:\/\/permisos.corrientes.gob.ar\/ingresoprovincia\" style=\"border-radius:2px;background-color:#46a962;color:#fffffa\" target=\"_blank\" rel=\"noreferrer noopener\">Ingreso a la provincia<\/a><\/div>\n<\/div>\n\n\n\n<blockquote class=\"wp-block-quote is-layout-flow wp-block-quote-is-layout-flow\"><p><em>Ten\u00e9 en cuenta que:<\/em><br><em>Los permisos se gestionan de manera individual (Si son varias personas las que viajan, cada una deber\u00e1 realizar los mismos tr\u00e1mites).<\/em><br><em>Vas a tener que tener una reserva o compra de un servicio tur\u00edstico para completar los tr\u00e1mites.<\/em><\/p><\/blockquote>\n\n\n\n<p><strong>2 -Una vez completado los tr\u00e1mites anteriores, vas a necesitar descargar y completar una declaraci\u00f3n jurada para ingresar a Bella Vista.<\/strong><\/p>\n\n\n\n<p>*Record\u00e1 que es obligatorio para ingresar a la ciudad de Bella Vista, el hispado negativo (con no m\u00e1s de 72 hs.) de al menos 1 persona dentro del grupo familiar.<\/p>\n\n\n\n<p>De no presentarse el hisopado indicado, se podr\u00e1 realizar el examen en el Hospital El Salvador de Bella Vista, a su costa.<\/p>\n\n\n\n<div class=\"wp-block-buttons is-layout-flex wp-block-buttons-is-layout-flex\">\n<div class=\"wp-block-button is-style-fill\"><a class=\"wp-block-button__link has-background\" href=\"https:\/\/somosbellavista.com.ar\/descargas\/permiso-bellavista-nuevo.pdf\" style=\"border-radius:2px;background-color:#46a962\" target=\"_blank\" rel=\"noreferrer noopener\">Ingreso a Bella Vista<\/a><\/div>\n<\/div>\n\n\n\n<blockquote class=\"wp-block-quote is-layout-flow wp-block-quote-is-layout-flow\"><p><em>*La declaraci\u00f3n jurada se completa de manera individual (Si son varias personas las que viajan, cada una deber\u00e1 descargarla y completarla).<\/em><\/p><\/blockquote>\n\n\n\n<hr class=\"wp-block-separator\"\/>\n\n\n\n<div class=\"wp-block-buttons is-layout-flex wp-block-buttons-is-layout-flex\"><\/div>\n\n\n\n<p id=\"visitante-cortesia\"><strong>Visitantes de Cortes\u00eda<\/strong><br><em>Personas que realicen turismo en Bella Vista, en establecimientos tur\u00edsticos no rentados.<\/em><\/p>\n\n\n\n<ul class=\"wp-block-list\"><li>Este tr\u00e1mite es para las personas que realicen turismo en Bella Vista en establecimientos no rentados.<\/li><li>Consideramos Visitantes de cortes\u00eda a toda persona que ha sido invitada por otra para alojarse en un hogar particular por cuestiones de amistad o cortes\u00eda, de manera gratuita.<\/li><li>Es necesario, para esta modalidad de visita, el registro en la Oficina de Turismo Municipal para hacer un seguimiento de estos ingresos.<\/li><li>Debe env\u00edar mail 48 horas antes solicitando informaci\u00f3n a turismo@bellavista.gob.ar<\/li><\/ul>\n\n\n\n<div class=\"wp-block-buttons is-layout-flex wp-block-buttons-is-layout-flex\"><\/div>\n\n\n\n<hr class=\"wp-block-separator\"\/>\n\n\n\n<p id=\"visitante-familiares\"><strong>Visitantes familiares<\/strong><br><em>Este tr\u00e1mite es para las personas que visiten Bella Vista y se alojen en el hogar de familiares residentes.<\/em><\/p>\n\n\n\n<ul class=\"wp-block-list\"><li>La Municipalidad de Bella Vista implemeta un registro de esta modalidad de visita, y estaremos haciendo un seguimiento de estos ingresos para hacer seguimiento.<\/li><li>Es necesario, para esta modalidad de visita, el registro en la Oficina de Turismo Municipal para hacer un seguimiento de estos ingresos.<\/li><li>Debe env\u00edar mail 48 horas antes solicitando informaci\u00f3n a turismo@bellavista.gob.ar<\/li><\/ul>\n\n\n\n<hr class=\"wp-block-separator\"\/>\n\n\n\n<p id=\"turismo-interno\"><strong>Turismo Interno<\/strong><br><em>Este tr\u00e1mite es para personas que recidan en la provincia de Corrientes y quieren vacacionar en Bella Vista.<\/em><\/p>\n\n\n\n<p>Deb\u00e9s completar un formulario para solicitar el permiso de Turismo Interno.<\/p>\n\n\n\n<div class=\"wp-block-buttons is-layout-flex wp-block-buttons-is-layout-flex\">\n<div class=\"wp-block-button\"><a class=\"wp-block-button__link has-background\" href=\"https:\/\/permisos.corrientes.gob.ar\/permisos\/turismo\" style=\"border-radius:2px;background-color:#46a962\" target=\"_blank\" rel=\"noreferrer noopener\">Turismo Interno<\/a><\/div>\n<\/div>\n\n\n\n<hr class=\"wp-block-separator\"\/>\n\n\n\n<p id=\"preguntas\"><strong>Preguntas frecuentes:<\/strong><\/p>\n\n\n\n<div class=\"schema-faq wp-block-yoast-faq-block\"><div class=\"schema-faq-section\" id=\"faq-question-1607609107270\"><strong class=\"schema-faq-question\">\u00bfNecesito realizarme un hisopado al ingresar a la provincia?<\/strong> <p class=\"schema-faq-answer\">No<\/p> <\/div> <div class=\"schema-faq-section\" id=\"faq-question-1615386727087\"><strong class=\"schema-faq-question\">\u00bfNecesito realizarme un hisopado para ingresar a Bella Vista?<\/strong> <p class=\"schema-faq-answer\">Si, te pedimos al menos el hisopado negativo (con no m\u00e1s de 72 hs.) de 1 persona dentro del grupo familiar.<\/p> <\/div> <div class=\"schema-faq-section\" id=\"faq-question-1607609233086\"><strong class=\"schema-faq-question\">\u00bfNecesito descargar el Certificado de Verano?<\/strong> <p class=\"schema-faq-answer\">No<\/p> <\/div> <div class=\"schema-faq-section\" id=\"faq-question-1607609248562\"><strong class=\"schema-faq-question\">\u00bfNecesito certificado de COVID-19 negativo?<\/strong> <p class=\"schema-faq-answer\">No<\/p> <\/div> <div class=\"schema-faq-section\" id=\"faq-question-1607609262498\"><strong class=\"schema-faq-question\">\u00bfNecesito seguro de viaje COVID-19 o cobertura sanitaria?<\/strong> <p class=\"schema-faq-answer\">No<\/p> <\/div> <\/div>\n","protected":false},"excerpt":{"rendered":"<p>Vacaciones en Bella Vista Permisos obligatorios que te vamos a solicitar Queremos cuidarte y necesitamos tu colaboraci\u00f3n para atenderte mejor. Aqu\u00ed te presentamos los requisitos para que disfrutes de unas vacaciones en Bella Vista. \u00bfQu\u00e9 permiso necesit\u00e1s? Permiso para Turismo Nacional Visitantes de Cortes\u00eda Visitantes Familiares Turismo Interno Preguntas Frecuentes 1 -Para ingresar a la [&hellip;]<\/p>\n","protected":false},"author":2,"featured_media":105,"parent":0,"menu_order":0,"comment_status":"closed","ping_status":"closed","template":"","meta":{"ghostkit_customizer_options":"","ghostkit_custom_css":"","ghostkit_custom_js_head":"","ghostkit_custom_js_foot":"","ghostkit_typography":"","footnotes":""},"class_list":["post-88","page","type-page","status-publish","has-post-thumbnail","hentry"],"yoast_head":"<!-- This site is optimized with the Yoast SEO plugin v27.4 - https:\/\/yoast.com\/product\/yoast-seo-wordpress\/ -->\n<title>Permisos para Turismo - #ConoceBellaVista<\/title>\n<meta name=\"robots\" content=\"index, follow, max-snippet:-1, max-image-preview:large, max-video-preview:-1\" \/>\n<link rel=\"canonical\" href=\"https:\/\/bellavista.gob.ar\/turismo\/permiso-turismo\/\" \/>\n<meta property=\"og:locale\" content=\"es_ES\" \/>\n<meta property=\"og:type\" content=\"article\" \/>\n<meta property=\"og:title\" content=\"Permisos para Turismo - #ConoceBellaVista\" \/>\n<meta property=\"og:description\" content=\"Vacaciones en Bella Vista Permisos obligatorios que te vamos a solicitar Queremos cuidarte y necesitamos tu colaboraci\u00f3n para atenderte mejor. Aqu\u00ed te presentamos los requisitos para que disfrutes de unas vacaciones en Bella Vista. \u00bfQu\u00e9 permiso necesit\u00e1s? Permiso para Turismo Nacional Visitantes de Cortes\u00eda Visitantes Familiares Turismo Interno Preguntas Frecuentes 1 -Para ingresar a la [&hellip;]\" \/>\n<meta property=\"og:url\" content=\"https:\/\/bellavista.gob.ar\/turismo\/permiso-turismo\/\" \/>\n<meta property=\"og:site_name\" content=\"#ConoceBellaVista\" \/>\n<meta property=\"article:modified_time\" content=\"2021-04-06T11:01:17+00:00\" \/>\n<meta property=\"og:image\" content=\"https:\/\/bellavista.gob.ar\/turismo\/wp-content\/uploads\/2020\/12\/permiso-turismo.jpg\" \/>\n\t<meta property=\"og:image:width\" content=\"1400\" \/>\n\t<meta property=\"og:image:height\" content=\"250\" \/>\n\t<meta property=\"og:image:type\" content=\"image\/jpeg\" \/>\n<meta name=\"twitter:card\" content=\"summary_large_image\" \/>\n<meta name=\"twitter:label1\" content=\"Tiempo de lectura\" \/>\n\t<meta name=\"twitter:data1\" content=\"3 minutos\" \/>\n<script type=\"application\/ld+json\" class=\"yoast-schema-graph\">{\"@context\":\"https:\\\/\\\/schema.org\",\"@graph\":[{\"@type\":[\"WebPage\",\"FAQPage\"],\"@id\":\"https:\\\/\\\/bellavista.gob.ar\\\/turismo\\\/permiso-turismo\\\/\",\"url\":\"https:\\\/\\\/bellavista.gob.ar\\\/turismo\\\/permiso-turismo\\\/\",\"name\":\"Permisos para Turismo - #ConoceBellaVista\",\"isPartOf\":{\"@id\":\"https:\\\/\\\/bellavista.gob.ar\\\/turismo\\\/#website\"},\"primaryImageOfPage\":{\"@id\":\"https:\\\/\\\/bellavista.gob.ar\\\/turismo\\\/permiso-turismo\\\/#primaryimage\"},\"image\":{\"@id\":\"https:\\\/\\\/bellavista.gob.ar\\\/turismo\\\/permiso-turismo\\\/#primaryimage\"},\"thumbnailUrl\":\"https:\\\/\\\/bellavista.gob.ar\\\/turismo\\\/wp-content\\\/uploads\\\/2020\\\/12\\\/permiso-turismo.jpg\",\"datePublished\":\"2020-12-09T15:09:56+00:00\",\"dateModified\":\"2021-04-06T11:01:17+00:00\",\"breadcrumb\":{\"@id\":\"https:\\\/\\\/bellavista.gob.ar\\\/turismo\\\/permiso-turismo\\\/#breadcrumb\"},\"mainEntity\":[{\"@id\":\"https:\\\/\\\/bellavista.gob.ar\\\/turismo\\\/permiso-turismo\\\/#faq-question-1607609107270\"},{\"@id\":\"https:\\\/\\\/bellavista.gob.ar\\\/turismo\\\/permiso-turismo\\\/#faq-question-1615386727087\"},{\"@id\":\"https:\\\/\\\/bellavista.gob.ar\\\/turismo\\\/permiso-turismo\\\/#faq-question-1607609233086\"},{\"@id\":\"https:\\\/\\\/bellavista.gob.ar\\\/turismo\\\/permiso-turismo\\\/#faq-question-1607609248562\"},{\"@id\":\"https:\\\/\\\/bellavista.gob.ar\\\/turismo\\\/permiso-turismo\\\/#faq-question-1607609262498\"}],\"inLanguage\":\"es\",\"potentialAction\":[{\"@type\":\"ReadAction\",\"target\":[\"https:\\\/\\\/bellavista.gob.ar\\\/turismo\\\/permiso-turismo\\\/\"]}]},{\"@type\":\"ImageObject\",\"inLanguage\":\"es\",\"@id\":\"https:\\\/\\\/bellavista.gob.ar\\\/turismo\\\/permiso-turismo\\\/#primaryimage\",\"url\":\"https:\\\/\\\/bellavista.gob.ar\\\/turismo\\\/wp-content\\\/uploads\\\/2020\\\/12\\\/permiso-turismo.jpg\",\"contentUrl\":\"https:\\\/\\\/bellavista.gob.ar\\\/turismo\\\/wp-content\\\/uploads\\\/2020\\\/12\\\/permiso-turismo.jpg\",\"width\":1400,\"height\":250},{\"@type\":\"BreadcrumbList\",\"@id\":\"https:\\\/\\\/bellavista.gob.ar\\\/turismo\\\/permiso-turismo\\\/#breadcrumb\",\"itemListElement\":[{\"@type\":\"ListItem\",\"position\":1,\"name\":\"Portada\",\"item\":\"https:\\\/\\\/bellavista.gob.ar\\\/turismo\\\/\"},{\"@type\":\"ListItem\",\"position\":2,\"name\":\"Permisos para Turismo\"}]},{\"@type\":\"WebSite\",\"@id\":\"https:\\\/\\\/bellavista.gob.ar\\\/turismo\\\/#website\",\"url\":\"https:\\\/\\\/bellavista.gob.ar\\\/turismo\\\/\",\"name\":\"#ConoceBellaVista\",\"description\":\"Informaci\u00f3n tur\u00edstica de Bella Vista, Corrientes.\",\"potentialAction\":[{\"@type\":\"SearchAction\",\"target\":{\"@type\":\"EntryPoint\",\"urlTemplate\":\"https:\\\/\\\/bellavista.gob.ar\\\/turismo\\\/?s={search_term_string}\"},\"query-input\":{\"@type\":\"PropertyValueSpecification\",\"valueRequired\":true,\"valueName\":\"search_term_string\"}}],\"inLanguage\":\"es\"},{\"@type\":\"Question\",\"@id\":\"https:\\\/\\\/bellavista.gob.ar\\\/turismo\\\/permiso-turismo\\\/#faq-question-1607609107270\",\"position\":1,\"url\":\"https:\\\/\\\/bellavista.gob.ar\\\/turismo\\\/permiso-turismo\\\/#faq-question-1607609107270\",\"name\":\"\u00bfNecesito realizarme un hisopado al ingresar a la provincia?\",\"answerCount\":1,\"acceptedAnswer\":{\"@type\":\"Answer\",\"text\":\"No\",\"inLanguage\":\"es\"},\"inLanguage\":\"es\"},{\"@type\":\"Question\",\"@id\":\"https:\\\/\\\/bellavista.gob.ar\\\/turismo\\\/permiso-turismo\\\/#faq-question-1615386727087\",\"position\":2,\"url\":\"https:\\\/\\\/bellavista.gob.ar\\\/turismo\\\/permiso-turismo\\\/#faq-question-1615386727087\",\"name\":\"\u00bfNecesito realizarme un hisopado para ingresar a Bella Vista?\",\"answerCount\":1,\"acceptedAnswer\":{\"@type\":\"Answer\",\"text\":\"Si, te pedimos al menos el hisopado negativo (con no m\u00e1s de 72 hs.) de 1 persona dentro del grupo familiar.\",\"inLanguage\":\"es\"},\"inLanguage\":\"es\"},{\"@type\":\"Question\",\"@id\":\"https:\\\/\\\/bellavista.gob.ar\\\/turismo\\\/permiso-turismo\\\/#faq-question-1607609233086\",\"position\":3,\"url\":\"https:\\\/\\\/bellavista.gob.ar\\\/turismo\\\/permiso-turismo\\\/#faq-question-1607609233086\",\"name\":\"\u00bfNecesito descargar el Certificado de Verano?\",\"answerCount\":1,\"acceptedAnswer\":{\"@type\":\"Answer\",\"text\":\"No\",\"inLanguage\":\"es\"},\"inLanguage\":\"es\"},{\"@type\":\"Question\",\"@id\":\"https:\\\/\\\/bellavista.gob.ar\\\/turismo\\\/permiso-turismo\\\/#faq-question-1607609248562\",\"position\":4,\"url\":\"https:\\\/\\\/bellavista.gob.ar\\\/turismo\\\/permiso-turismo\\\/#faq-question-1607609248562\",\"name\":\"\u00bfNecesito certificado de COVID-19 negativo?\",\"answerCount\":1,\"acceptedAnswer\":{\"@type\":\"Answer\",\"text\":\"No\",\"inLanguage\":\"es\"},\"inLanguage\":\"es\"},{\"@type\":\"Question\",\"@id\":\"https:\\\/\\\/bellavista.gob.ar\\\/turismo\\\/permiso-turismo\\\/#faq-question-1607609262498\",\"position\":5,\"url\":\"https:\\\/\\\/bellavista.gob.ar\\\/turismo\\\/permiso-turismo\\\/#faq-question-1607609262498\",\"name\":\"\u00bfNecesito seguro de viaje COVID-19 o cobertura sanitaria?\",\"answerCount\":1,\"acceptedAnswer\":{\"@type\":\"Answer\",\"text\":\"No\",\"inLanguage\":\"es\"},\"inLanguage\":\"es\"}]}<\/script>\n<!-- \/ Yoast SEO plugin. -->","yoast_head_json":{"title":"Permisos para Turismo - #ConoceBellaVista","robots":{"index":"index","follow":"follow","max-snippet":"max-snippet:-1","max-image-preview":"max-image-preview:large","max-video-preview":"max-video-preview:-1"},"canonical":"https:\/\/bellavista.gob.ar\/turismo\/permiso-turismo\/","og_locale":"es_ES","og_type":"article","og_title":"Permisos para Turismo - #ConoceBellaVista","og_description":"Vacaciones en Bella Vista Permisos obligatorios que te vamos a solicitar Queremos cuidarte y necesitamos tu colaboraci\u00f3n para atenderte mejor. Aqu\u00ed te presentamos los requisitos para que disfrutes de unas vacaciones en Bella Vista. \u00bfQu\u00e9 permiso necesit\u00e1s? Permiso para Turismo Nacional Visitantes de Cortes\u00eda Visitantes Familiares Turismo Interno Preguntas Frecuentes 1 -Para ingresar a la [&hellip;]","og_url":"https:\/\/bellavista.gob.ar\/turismo\/permiso-turismo\/","og_site_name":"#ConoceBellaVista","article_modified_time":"2021-04-06T11:01:17+00:00","og_image":[{"width":1400,"height":250,"url":"https:\/\/bellavista.gob.ar\/turismo\/wp-content\/uploads\/2020\/12\/permiso-turismo.jpg","type":"image\/jpeg"}],"twitter_card":"summary_large_image","twitter_misc":{"Tiempo de lectura":"3 minutos"},"schema":{"@context":"https:\/\/schema.org","@graph":[{"@type":["WebPage","FAQPage"],"@id":"https:\/\/bellavista.gob.ar\/turismo\/permiso-turismo\/","url":"https:\/\/bellavista.gob.ar\/turismo\/permiso-turismo\/","name":"Permisos para Turismo - #ConoceBellaVista","isPartOf":{"@id":"https:\/\/bellavista.gob.ar\/turismo\/#website"},"primaryImageOfPage":{"@id":"https:\/\/bellavista.gob.ar\/turismo\/permiso-turismo\/#primaryimage"},"image":{"@id":"https:\/\/bellavista.gob.ar\/turismo\/permiso-turismo\/#primaryimage"},"thumbnailUrl":"https:\/\/bellavista.gob.ar\/turismo\/wp-content\/uploads\/2020\/12\/permiso-turismo.jpg","datePublished":"2020-12-09T15:09:56+00:00","dateModified":"2021-04-06T11:01:17+00:00","breadcrumb":{"@id":"https:\/\/bellavista.gob.ar\/turismo\/permiso-turismo\/#breadcrumb"},"mainEntity":[{"@id":"https:\/\/bellavista.gob.ar\/turismo\/permiso-turismo\/#faq-question-1607609107270"},{"@id":"https:\/\/bellavista.gob.ar\/turismo\/permiso-turismo\/#faq-question-1615386727087"},{"@id":"https:\/\/bellavista.gob.ar\/turismo\/permiso-turismo\/#faq-question-1607609233086"},{"@id":"https:\/\/bellavista.gob.ar\/turismo\/permiso-turismo\/#faq-question-1607609248562"},{"@id":"https:\/\/bellavista.gob.ar\/turismo\/permiso-turismo\/#faq-question-1607609262498"}],"inLanguage":"es","potentialAction":[{"@type":"ReadAction","target":["https:\/\/bellavista.gob.ar\/turismo\/permiso-turismo\/"]}]},{"@type":"ImageObject","inLanguage":"es","@id":"https:\/\/bellavista.gob.ar\/turismo\/permiso-turismo\/#primaryimage","url":"https:\/\/bellavista.gob.ar\/turismo\/wp-content\/uploads\/2020\/12\/permiso-turismo.jpg","contentUrl":"https:\/\/bellavista.gob.ar\/turismo\/wp-content\/uploads\/2020\/12\/permiso-turismo.jpg","width":1400,"height":250},{"@type":"BreadcrumbList","@id":"https:\/\/bellavista.gob.ar\/turismo\/permiso-turismo\/#breadcrumb","itemListElement":[{"@type":"ListItem","position":1,"name":"Portada","item":"https:\/\/bellavista.gob.ar\/turismo\/"},{"@type":"ListItem","position":2,"name":"Permisos para Turismo"}]},{"@type":"WebSite","@id":"https:\/\/bellavista.gob.ar\/turismo\/#website","url":"https:\/\/bellavista.gob.ar\/turismo\/","name":"#ConoceBellaVista","description":"Informaci\u00f3n tur\u00edstica de Bella Vista, Corrientes.","potentialAction":[{"@type":"SearchAction","target":{"@type":"EntryPoint","urlTemplate":"https:\/\/bellavista.gob.ar\/turismo\/?s={search_term_string}"},"query-input":{"@type":"PropertyValueSpecification","valueRequired":true,"valueName":"search_term_string"}}],"inLanguage":"es"},{"@type":"Question","@id":"https:\/\/bellavista.gob.ar\/turismo\/permiso-turismo\/#faq-question-1607609107270","position":1,"url":"https:\/\/bellavista.gob.ar\/turismo\/permiso-turismo\/#faq-question-1607609107270","name":"\u00bfNecesito realizarme un hisopado al ingresar a la provincia?","answerCount":1,"acceptedAnswer":{"@type":"Answer","text":"No","inLanguage":"es"},"inLanguage":"es"},{"@type":"Question","@id":"https:\/\/bellavista.gob.ar\/turismo\/permiso-turismo\/#faq-question-1615386727087","position":2,"url":"https:\/\/bellavista.gob.ar\/turismo\/permiso-turismo\/#faq-question-1615386727087","name":"\u00bfNecesito realizarme un hisopado para ingresar a Bella Vista?","answerCount":1,"acceptedAnswer":{"@type":"Answer","text":"Si, te pedimos al menos el hisopado negativo (con no m\u00e1s de 72 hs.) de 1 persona dentro del grupo familiar.","inLanguage":"es"},"inLanguage":"es"},{"@type":"Question","@id":"https:\/\/bellavista.gob.ar\/turismo\/permiso-turismo\/#faq-question-1607609233086","position":3,"url":"https:\/\/bellavista.gob.ar\/turismo\/permiso-turismo\/#faq-question-1607609233086","name":"\u00bfNecesito descargar el Certificado de Verano?","answerCount":1,"acceptedAnswer":{"@type":"Answer","text":"No","inLanguage":"es"},"inLanguage":"es"},{"@type":"Question","@id":"https:\/\/bellavista.gob.ar\/turismo\/permiso-turismo\/#faq-question-1607609248562","position":4,"url":"https:\/\/bellavista.gob.ar\/turismo\/permiso-turismo\/#faq-question-1607609248562","name":"\u00bfNecesito certificado de COVID-19 negativo?","answerCount":1,"acceptedAnswer":{"@type":"Answer","text":"No","inLanguage":"es"},"inLanguage":"es"},{"@type":"Question","@id":"https:\/\/bellavista.gob.ar\/turismo\/permiso-turismo\/#faq-question-1607609262498","position":5,"url":"https:\/\/bellavista.gob.ar\/turismo\/permiso-turismo\/#faq-question-1607609262498","name":"\u00bfNecesito seguro de viaje COVID-19 o cobertura sanitaria?","answerCount":1,"acceptedAnswer":{"@type":"Answer","text":"No","inLanguage":"es"},"inLanguage":"es"}]}},"_links":{"self":[{"href":"https:\/\/bellavista.gob.ar\/turismo\/wp-json\/wp\/v2\/pages\/88","targetHints":{"allow":["GET"]}}],"collection":[{"href":"https:\/\/bellavista.gob.ar\/turismo\/wp-json\/wp\/v2\/pages"}],"about":[{"href":"https:\/\/bellavista.gob.ar\/turismo\/wp-json\/wp\/v2\/types\/page"}],"author":[{"embeddable":true,"href":"https:\/\/bellavista.gob.ar\/turismo\/wp-json\/wp\/v2\/users\/2"}],"replies":[{"embeddable":true,"href":"https:\/\/bellavista.gob.ar\/turismo\/wp-json\/wp\/v2\/comments?post=88"}],"version-history":[{"count":76,"href":"https:\/\/bellavista.gob.ar\/turismo\/wp-json\/wp\/v2\/pages\/88\/revisions"}],"predecessor-version":[{"id":207,"href":"https:\/\/bellavista.gob.ar\/turismo\/wp-json\/wp\/v2\/pages\/88\/revisions\/207"}],"wp:featuredmedia":[{"embeddable":true,"href":"https:\/\/bellavista.gob.ar\/turismo\/wp-json\/wp\/v2\/media\/105"}],"wp:attachment":[{"href":"https:\/\/bellavista.gob.ar\/turismo\/wp-json\/wp\/v2\/media?parent=88"}],"curies":[{"name":"wp","href":"https:\/\/api.w.org\/{rel}","templated":true}]}}